{"id":9,"date":"2025-05-05T21:16:32","date_gmt":"2025-05-05T19:16:32","guid":{"rendered":"http:\/\/molimo-agency.com\/?page_id=9"},"modified":"2025-06-17T00:48:18","modified_gmt":"2025-06-16T22:48:18","slug":"services","status":"publish","type":"page","link":"https:\/\/molimo-agency.com\/index.php\/services\/","title":{"rendered":"D\u00e9couvrez nos Services"},"content":{"rendered":"\n<div class=\"wp-block-group alignfull six-services has-gray-background-color has-background is-layout-constrained wp-container-core-group-is-layout-0929ba60 wp-block-group-is-layout-constrained\" style=\"margin-top:0;margin-bottom:var(--wp--preset--spacing--xx-large);padding-top:var(--wp--preset--spacing--medium);padding-right:0;padding-bottom:var(--wp--preset--spacing--medium);padding-left:0\">\n<div style=\"height:1rem\" aria-hidden=\"true\" class=\"wp-block-spacer\"><\/div>\n\n\n\n<p class=\"has-text-align-center p-animation-text-moveUp\">Nos Services<\/p>\n\n\n\n<h2 class=\"wp-block-heading has-text-align-center p-animation-text-moveUp\">Les services que nous offrons<\/h2>\n\n\n\n<p class=\"has-text-align-center p-animation-text-moveUp\">Boostez votre image, Attirez votre audience, Convertissez vos prospects.<br>Notre agence transforme votre pr\u00e9sence en ligne en moteur de croissance.<\/p>\n\n\n\n<div class=\"wp-block-columns p-animation-text-moveUp is-layout-flex wp-container-core-columns-is-layout-df70c5d9 wp-block-columns-is-layout-flex\" style=\"padding-top:var(--wp--preset--spacing--medium);padding-bottom:var(--wp--preset--spacing--medium)\">\n<div class=\"wp-block-column is-vertically-aligned-center has-white-background-color has-background is-layout-flow wp-block-column-is-layout-flow\" style=\"padding-top:var(--wp--preset--spacing--large);padding-right:var(--wp--preset--spacing--small);padding-bottom:var(--wp--preset--spacing--large);padding-left:var(--wp--preset--spacing--small)\">\n<figure class=\"wp-block-image aligncenter size-full is-resized\"><img decoding=\"async\" src=\"https:\/\/molimo-agency.com\/wp-content\/themes\/prespa\/assets\/img\/patterns\/icons\/user-friendly.svg\" alt=\"\" class=\"wp-image-253\" style=\"width:40px;height:40px\"\/><\/figure>\n\n\n\n<h5 class=\"wp-block-heading has-text-align-center\" style=\"padding-top:var(--wp--preset--spacing--xx-small);letter-spacing:-0.04em;line-height:1.1\">SOCIAL MEDIA Ads<\/h5>\n\n\n\n<p class=\"has-text-align-center\">Nous vous aidons \u00e0 toucher la bonne audience, au bon moment pour maximiser leur visibilit\u00e9 et leurs conversions.<\/p>\n<\/div>\n\n\n\n<div class=\"wp-block-column is-vertically-aligned-center has-grey-background-color has-white-background-color has-background is-layout-flow wp-block-column-is-layout-flow\" style=\"padding-top:var(--wp--preset--spacing--large);padding-right:var(--wp--preset--spacing--small);padding-bottom:var(--wp--preset--spacing--large);padding-left:var(--wp--preset--spacing--small)\">\n<figure class=\"wp-block-image aligncenter size-full is-resized\"><img decoding=\"async\" src=\"https:\/\/molimo-agency.com\/wp-content\/themes\/prespa\/assets\/img\/patterns\/icons\/collaboration-support.svg\" alt=\"\" class=\"wp-image-254\" style=\"width:40px;height:40px\"\/><\/figure>\n\n\n\n<h5 class=\"wp-block-heading has-text-align-center\" style=\"padding-top:var(--wp--preset--spacing--xx-small);letter-spacing:-0.03em;line-height:1.1\">G\u00e9n\u00e9ration de Leads<\/h5>\n\n\n\n<p class=\"has-text-align-center\">Nous mettons en place des strat\u00e9gies digitales performantes pour attirer des prospects qualifi\u00e9s et d\u00e9velopper votre portefeuille client.<\/p>\n<\/div>\n<\/div>\n\n\n\n<div class=\"wp-block-columns p-animation-text-moveUp is-layout-flex wp-container-core-columns-is-layout-c0ed80d6 wp-block-columns-is-layout-flex\" style=\"padding-top:0;padding-bottom:var(--wp--preset--spacing--large)\">\n<div class=\"wp-block-column is-vertically-aligned-center has-white-background-color has-background is-layout-flow wp-block-column-is-layout-flow\" style=\"padding-top:var(--wp--preset--spacing--large);padding-right:var(--wp--preset--spacing--small);padding-bottom:var(--wp--preset--spacing--large);padding-left:var(--wp--preset--spacing--small)\">\n<figure class=\"wp-block-image aligncenter size-full is-resized\"><img decoding=\"async\" src=\"https:\/\/molimo-agency.com\/wp-content\/themes\/prespa\/assets\/img\/patterns\/icons\/user-check.svg\" alt=\"\" class=\"wp-image-253\" style=\"width:40px;height:40px\"\/><\/figure>\n\n\n\n<h5 class=\"wp-block-heading has-text-align-center\" style=\"padding-top:var(--wp--preset--spacing--xx-small);letter-spacing:-0.04em;line-height:1.1\">GOOGLE Ads<\/h5>\n\n\n\n<p class=\"has-text-align-center\">Nous cr\u00e9ons et optimisions vos campagnes pour vous assurez plus de visibilit\u00e9, plus de clics et surtout plus de clients.<\/p>\n<\/div>\n\n\n\n<div class=\"wp-block-column is-vertically-aligned-center has-grey-background-color has-white-background-color has-background is-layout-flow wp-block-column-is-layout-flow\" style=\"padding-top:var(--wp--preset--spacing--large);padding-right:var(--wp--preset--spacing--small);padding-bottom:var(--wp--preset--spacing--large);padding-left:var(--wp--preset--spacing--small)\">\n<figure class=\"wp-block-image aligncenter size-full is-resized\"><img decoding=\"async\" src=\"https:\/\/molimo-agency.com\/wp-content\/themes\/prespa\/assets\/img\/patterns\/icons\/code.svg\" alt=\"\" class=\"wp-image-254\" style=\"width:40px;height:40px\"\/><\/figure>\n\n\n\n<h5 class=\"wp-block-heading has-text-align-center\" style=\"padding-top:var(--wp--preset--spacing--xx-small);letter-spacing:-0.03em;line-height:1.1\">Community Management<\/h5>\n\n\n\n<p class=\"has-text-align-center\">Nous g\u00e9rons et animons vos r\u00e9seaux sociaux pour cr\u00e9er une communaut\u00e9 engag\u00e9e, renforcer votre image et fid\u00e9liser votre audience.<\/p>\n<\/div>\n\n\n\n<div class=\"wp-block-column is-vertically-aligned-center has-white-background-color has-background is-layout-flow wp-block-column-is-layout-flow\" style=\"border-style:none;border-width:0px;padding-top:var(--wp--preset--spacing--large);padding-right:var(--wp--preset--spacing--small);padding-bottom:var(--wp--preset--spacing--large);padding-left:var(--wp--preset--spacing--small)\">\n<figure class=\"wp-block-image aligncenter size-full is-resized\"><img decoding=\"async\" src=\"https:\/\/molimo-agency.com\/wp-content\/themes\/prespa\/assets\/img\/patterns\/icons\/command.svg\" alt=\"\" class=\"wp-image-256\" style=\"width:40px;height:40px\"\/><\/figure>\n\n\n\n<h5 class=\"wp-block-heading has-text-align-center\" style=\"padding-top:var(--wp--preset--spacing--xx-small);letter-spacing:-0.03em;line-height:1.1\">Strat\u00e9gie Digitale<\/h5>\n\n\n\n<p class=\"has-text-align-center\">Nous b\u00e2tissons des strat\u00e9gies digitales compl\u00e8tes pour transformer votre pr\u00e9sence en ligne en levier de performance.<\/p>\n<\/div>\n<\/div>\n<\/div>\n\n\n\n<div class=\"wp-block-group why-choose-us p-animation-text-moveUp has-surface-background-color has-background is-layout-constrained wp-container-core-group-is-layout-515ed75b wp-block-group-is-layout-constrained\" style=\"padding-top:var(--wp--preset--spacing--large);padding-right:0;padding-bottom:var(--wp--preset--spacing--x-large);padding-left:0\">\n<h2 class=\"wp-block-heading has-text-align-center\">Des solutions digitales concr\u00e8tes pour votre business<\/h2>\n\n\n\n<p class=\"has-text-align-center\" style=\"padding-bottom:var(--wp--preset--spacing--small)\">Nous vous accompagnons dans votre croissance digitale<\/p>\n\n\n\n<div class=\"wp-block-columns is-layout-flex wp-container-core-columns-is-layout-010e51cd wp-block-columns-is-layout-flex\">\n<div class=\"wp-block-column is-layout-flow wp-block-column-is-layout-flow\">\n<figure class=\"wp-block-image size-full has-custom-border\"><img loading=\"lazy\" decoding=\"async\" width=\"2560\" height=\"1706\" src=\"https:\/\/molimo-agency.com\/wp-content\/uploads\/2025\/06\/homme-verifiant-son-email-sur-un-ordinateur-portable-scaled.jpg\" alt=\"\" class=\"wp-image-85\" style=\"border-radius:6px\" srcset=\"https:\/\/molimo-agency.com\/wp-content\/uploads\/2025\/06\/homme-verifiant-son-email-sur-un-ordinateur-portable-scaled.jpg 2560w, https:\/\/molimo-agency.com\/wp-content\/uploads\/2025\/06\/homme-verifiant-son-email-sur-un-ordinateur-portable-300x200.jpg 300w, https:\/\/molimo-agency.com\/wp-content\/uploads\/2025\/06\/homme-verifiant-son-email-sur-un-ordinateur-portable-1024x683.jpg 1024w, https:\/\/molimo-agency.com\/wp-content\/uploads\/2025\/06\/homme-verifiant-son-email-sur-un-ordinateur-portable-768x512.jpg 768w, https:\/\/molimo-agency.com\/wp-content\/uploads\/2025\/06\/homme-verifiant-son-email-sur-un-ordinateur-portable-1536x1024.jpg 1536w, https:\/\/molimo-agency.com\/wp-content\/uploads\/2025\/06\/homme-verifiant-son-email-sur-un-ordinateur-portable-2048x1365.jpg 2048w\" sizes=\"auto, (max-width: 2560px) 100vw, 2560px\" \/><\/figure>\n\n\n\n<div class=\"wp-block-buttons is-layout-flex wp-block-buttons-is-layout-flex\"><\/div>\n<\/div>\n\n\n\n<div class=\"wp-block-column is-layout-flow wp-block-column-is-layout-flow\">\n<h3 class=\"wp-block-heading\" style=\"padding-bottom:0;letter-spacing:-0.02em;line-height:1.2\">Renforcer votre strat\u00e9gie de marketing num\u00e9rique<\/h3>\n\n\n\n<p style=\"margin-bottom:var(--wp--preset--spacing--medium)\">Chaque marque m\u00e9rite une strat\u00e9gie digitale qui lui rapporte vraiment. Discutons de vos objectifs et voyons comment on peut les atteindre ensemble.<\/p>\n\n\n\n<div class=\"wp-block-buttons is-layout-flex wp-block-buttons-is-layout-flex\" style=\"margin-bottom:var(--wp--preset--spacing--x-large)\">\n<div class=\"wp-block-button p-btn-animation-border-move\"><a class=\"wp-block-button__link wp-element-button\" href=\"https:\/\/molimo-agency.com\/index.php\/contact\/\" style=\"padding-top:16px;padding-right:20px;padding-bottom:16px;padding-left:20px\">Parlez-nous de votre projet >><\/a><\/div>\n<\/div>\n<\/div>\n<\/div>\n<\/div>\n\n\n\n<p><\/p>\n","protected":false},"excerpt":{"rendered":"<p>Nos Services Les services que nous offrons Boostez votre image, Attirez votre audience, Convertissez vos&hellip;<\/p>\n","protected":false},"author":1,"featured_media":0,"parent":0,"menu_order":0,"comment_status":"closed","ping_status":"closed","template":"","meta":{"footnotes":""},"class_list":["post-9","page","type-page","status-publish","hentry"],"_links":{"self":[{"href":"https:\/\/molimo-agency.com\/index.php\/wp-json\/wp\/v2\/pages\/9","targetHints":{"allow":["GET"]}}],"collection":[{"href":"https:\/\/molimo-agency.com\/index.php\/wp-json\/wp\/v2\/pages"}],"about":[{"href":"https:\/\/molimo-agency.com\/index.php\/wp-json\/wp\/v2\/types\/page"}],"author":[{"embeddable":true,"href":"https:\/\/molimo-agency.com\/index.php\/wp-json\/wp\/v2\/users\/1"}],"replies":[{"embeddable":true,"href":"https:\/\/molimo-agency.com\/index.php\/wp-json\/wp\/v2\/comments?post=9"}],"version-history":[{"count":21,"href":"https:\/\/molimo-agency.com\/index.php\/wp-json\/wp\/v2\/pages\/9\/revisions"}],"predecessor-version":[{"id":86,"href":"https:\/\/molimo-agency.com\/index.php\/wp-json\/wp\/v2\/pages\/9\/revisions\/86"}],"wp:attachment":[{"href":"https:\/\/molimo-agency.com\/index.php\/wp-json\/wp\/v2\/media?parent=9"}],"curies":[{"name":"wp","href":"https:\/\/api.w.org\/{rel}","templated":true}]}}