{"id":7,"date":"2025-05-05T21:16:32","date_gmt":"2025-05-05T19:16:32","guid":{"rendered":"http:\/\/molimo-agency.com\/?page_id=7"},"modified":"2025-07-09T22:30:38","modified_gmt":"2025-07-09T20:30:38","slug":"accueil","status":"publish","type":"page","link":"https:\/\/molimo-agency.com\/","title":{"rendered":"Accueil"},"content":{"rendered":"\n<div class=\"wp-block-cover alignfull is-light hero-pattern\" style=\"min-height:34rem;aspect-ratio:unset;\"><span aria-hidden=\"true\" class=\"wp-block-cover__background has-background-dim-100 has-background-dim\" style=\"background-color:#f5f7fa\"><\/span><div class=\"wp-block-cover__inner-container is-layout-flow wp-block-cover-is-layout-flow\">\n<div class=\"wp-block-group is-layout-constrained wp-block-group-is-layout-constrained\">\n<div class=\"wp-block-columns alignwide p-animation-text-moveUp is-layout-flex wp-container-core-columns-is-layout-1b715042 wp-block-columns-is-layout-flex\">\n<div class=\"wp-block-column is-vertically-aligned-center is-layout-flow wp-block-column-is-layout-flow\">\n<h1 class=\"wp-block-heading has-text-primary-color has-text-color\">MOLIMO, votre partenaire digital<\/h1>\n\n\n\n<div style=\"height:8px\" aria-hidden=\"true\" class=\"wp-block-spacer\"><\/div>\n\n\n\n<p class=\"has-text-primary-color has-text-color\">Nous vous accompagnons dans votre croissance !<\/p>\n\n\n\n<div style=\"height:16px\" aria-hidden=\"true\" class=\"wp-block-spacer\"><\/div>\n\n\n\n<div class=\"wp-block-buttons is-layout-flex wp-block-buttons-is-layout-flex\">\n<div class=\"wp-block-button\"><a class=\"wp-block-button__link wp-element-button\" href=\"https:\/\/molimo-agency.com\/index.php\/contact\/\">Contactez-nous<\/a><\/div>\n<\/div>\n<\/div>\n\n\n\n<div class=\"wp-block-column is-vertically-aligned-center is-layout-flow wp-block-column-is-layout-flow\">\n<figure class=\"wp-block-image size-full\"><img decoding=\"async\" src=\"https:\/\/molimo-agency.com\/wp-content\/themes\/prespa\/assets\/img\/patterns\/header-illustration.png\" alt=\"\" class=\"wp-image-2027\"\/><\/figure>\n<\/div>\n<\/div>\n<\/div>\n<\/div><\/div>\n\n\n\n<div class=\"wp-block-group pattern-features p-animation-move-sideways is-layout-constrained wp-container-core-group-is-layout-5986cb94 wp-block-group-is-layout-constrained\" style=\"margin-top:0;margin-bottom:var(--wp--preset--spacing--xx-large);padding-top:0;padding-right:0;padding-bottom:0;padding-left:0\">\n<div class=\"wp-block-columns is-layout-flex wp-container-core-columns-is-layout-5ba13084 wp-block-columns-is-layout-flex\" style=\"padding-top:var(--wp--preset--spacing--large);padding-bottom:var(--wp--preset--spacing--large)\">\n<div class=\"wp-block-column is-vertically-aligned-center is-layout-flow wp-block-column-is-layout-flow\" style=\"padding-top:var(--wp--preset--spacing--large);padding-right:var(--wp--preset--spacing--small);padding-bottom:var(--wp--preset--spacing--large);padding-left:var(--wp--preset--spacing--small)\">\n<figure class=\"wp-block-image aligncenter size-full is-resized bk-duotone-primary\"><img decoding=\"async\" src=\"https:\/\/molimo-agency.com\/wp-content\/themes\/prespa\/assets\/img\/patterns\/icons\/user-friendly.svg\" alt=\"\" class=\"wp-image-253\" style=\"width:40px;height:40px\"\/><\/figure>\n\n\n\n<h5 class=\"wp-block-heading has-text-align-center\" style=\"padding-top:var(--wp--preset--spacing--xx-small);letter-spacing:-0.04em;line-height:1.1\">Visibilit\u00e9<\/h5>\n\n\n\n<p class=\"has-text-align-center\">Nous vous accompagnons dans votre <strong>pr\u00e9sence sur le web.<\/strong><\/p>\n<\/div>\n\n\n\n<div class=\"wp-block-column is-vertically-aligned-center has-grey-background-color has-gray-background-color has-background is-layout-flow wp-block-column-is-layout-flow\" style=\"padding-top:var(--wp--preset--spacing--large);padding-right:var(--wp--preset--spacing--small);padding-bottom:var(--wp--preset--spacing--large);padding-left:var(--wp--preset--spacing--small)\">\n<figure class=\"wp-block-image aligncenter size-full is-resized bk-duotone-primary\"><img decoding=\"async\" src=\"https:\/\/molimo-agency.com\/wp-content\/themes\/prespa\/assets\/img\/patterns\/icons\/collaboration-support.svg\" alt=\"\" class=\"wp-image-254\" style=\"width:38px;height:auto\"\/><\/figure>\n\n\n\n<h5 class=\"wp-block-heading has-text-align-center\" style=\"padding-top:var(--wp--preset--spacing--xx-small);letter-spacing:-0.03em;line-height:1.1\">Croissance<\/h5>\n\n\n\n<p class=\"has-text-align-center\">Nous vous aidons \u00e0 construire une <strong>croissance solide<\/strong>, scalable et rentable mais surtout sans perte de temps.<\/p>\n<\/div>\n\n\n\n<div class=\"wp-block-column is-vertically-aligned-center is-layout-flow wp-block-column-is-layout-flow\" style=\"border-style:none;border-width:0px;padding-top:var(--wp--preset--spacing--large);padding-right:var(--wp--preset--spacing--small);padding-bottom:var(--wp--preset--spacing--large);padding-left:var(--wp--preset--spacing--small)\">\n<figure class=\"wp-block-image aligncenter size-full is-resized bk-duotone-primary wp-duotone-dark-grayscale\"><img decoding=\"async\" src=\"https:\/\/molimo-agency.com\/wp-content\/themes\/prespa\/assets\/img\/patterns\/icons\/advanced-analytics.svg\" alt=\"\" class=\"wp-image-256\" style=\"width:40px;height:40px\"\/><\/figure>\n\n\n\n<h5 class=\"wp-block-heading has-text-align-center\" style=\"padding-top:var(--wp--preset--spacing--xx-small);letter-spacing:-0.03em;line-height:1.1\">Performance<\/h5>\n\n\n\n<p class=\"has-text-align-center\">Notre approche repose sur une gestion de leviers marketing \u00e0 la perofrmance afin de <strong>maximiser votre retour sur investissement<\/strong>.<\/p>\n<\/div>\n<\/div>\n<\/div>\n\n\n\n<div class=\"wp-block-group pattern-services is-layout-constrained wp-block-group-is-layout-constrained\" style=\"padding-top:var(--wp--preset--spacing--medium);padding-bottom:var(--wp--preset--spacing--medium)\">\n<h2 class=\"wp-block-heading has-text-align-center\">Nos expertises<\/h2>\n\n\n\n<p class=\"has-text-align-center\">nous accompagnons les entreprises dans leur croissance gr\u00e2ce \u00e0 une expertise compl\u00e8te en marketing digital : strat\u00e9gie, acquisition, r\u00e9seaux sociaux et optimisation des performances.<\/p>\n\n\n\n<div style=\"height:1rem\" aria-hidden=\"true\" class=\"wp-block-spacer\"><\/div>\n\n\n\n<div class=\"wp-block-columns p-animation-move-sideways is-layout-flex wp-container-core-columns-is-layout-318252f0 wp-block-columns-is-layout-flex\">\n<div class=\"wp-block-column is-layout-flow wp-block-column-is-layout-flow\">\n<figure class=\"wp-block-image size-full\"><img decoding=\"async\" src=\"https:\/\/molimo-agency.com\/wp-content\/uploads\/2025\/05\/concept-de-page-d-accueil-avec-barre-de-recherche.jpg\" alt=\"\" class=\"wp-image-58\"\/><\/figure>\n\n\n\n<div class=\"wp-block-group has-gray-background-color has-background is-layout-constrained wp-container-core-group-is-layout-dbf27b9b wp-block-group-is-layout-constrained\" style=\"padding-top:var(--wp--preset--spacing--small);padding-right:var(--wp--preset--spacing--small);padding-bottom:var(--wp--preset--spacing--small);padding-left:var(--wp--preset--spacing--small)\">\n<h3 class=\"wp-block-heading\">SEA<\/h3>\n\n\n\n<p>Nous pilotons vos campagnes SEA sur Google Ads \u00e0 la performance afin de <strong>maximiser le ROI<\/strong> et capter des <strong>leads qualifi\u00e9s.<\/strong><\/p>\n<\/div>\n<\/div>\n\n\n\n<div class=\"wp-block-column is-layout-flow wp-block-column-is-layout-flow\">\n<figure class=\"wp-block-image size-full\"><img loading=\"lazy\" decoding=\"async\" width=\"2560\" height=\"1707\" src=\"https:\/\/molimo-agency.com\/wp-content\/uploads\/2025\/05\/collage-people-using-reels-scaled.jpg\" alt=\"\" class=\"wp-image-60\" srcset=\"https:\/\/molimo-agency.com\/wp-content\/uploads\/2025\/05\/collage-people-using-reels-scaled.jpg 2560w, https:\/\/molimo-agency.com\/wp-content\/uploads\/2025\/05\/collage-people-using-reels-300x200.jpg 300w, https:\/\/molimo-agency.com\/wp-content\/uploads\/2025\/05\/collage-people-using-reels-1024x683.jpg 1024w, https:\/\/molimo-agency.com\/wp-content\/uploads\/2025\/05\/collage-people-using-reels-768x512.jpg 768w, https:\/\/molimo-agency.com\/wp-content\/uploads\/2025\/05\/collage-people-using-reels-1536x1024.jpg 1536w, https:\/\/molimo-agency.com\/wp-content\/uploads\/2025\/05\/collage-people-using-reels-2048x1365.jpg 2048w\" sizes=\"auto, (max-width: 2560px) 100vw, 2560px\" \/><\/figure>\n\n\n\n<div class=\"wp-block-group has-gray-background-color has-background is-layout-constrained wp-container-core-group-is-layout-dbf27b9b wp-block-group-is-layout-constrained\" style=\"padding-top:var(--wp--preset--spacing--small);padding-right:var(--wp--preset--spacing--small);padding-bottom:var(--wp--preset--spacing--small);padding-left:var(--wp--preset--spacing--small)\">\n<h3 class=\"wp-block-heading\">Social Media<\/h3>\n\n\n\n<p>Nous mettons en place des strat\u00e9gies social media sur-mesure, align\u00e9es \u00e0 vos objectifs business : <strong>notori\u00e9t\u00e9, communaut\u00e9, trafic ou conversion<\/strong>.<\/p>\n<\/div>\n<\/div>\n\n\n\n<div class=\"wp-block-column is-layout-flow wp-block-column-is-layout-flow\">\n<figure class=\"wp-block-image size-full\"><img loading=\"lazy\" decoding=\"async\" width=\"2560\" height=\"1768\" src=\"https:\/\/molimo-agency.com\/wp-content\/uploads\/2025\/07\/un-bureau-sur-une-table-dans-un-bureau-scaled.jpg\" alt=\"\" class=\"wp-image-89\" srcset=\"https:\/\/molimo-agency.com\/wp-content\/uploads\/2025\/07\/un-bureau-sur-une-table-dans-un-bureau-scaled.jpg 2560w, https:\/\/molimo-agency.com\/wp-content\/uploads\/2025\/07\/un-bureau-sur-une-table-dans-un-bureau-300x207.jpg 300w, https:\/\/molimo-agency.com\/wp-content\/uploads\/2025\/07\/un-bureau-sur-une-table-dans-un-bureau-1024x707.jpg 1024w, https:\/\/molimo-agency.com\/wp-content\/uploads\/2025\/07\/un-bureau-sur-une-table-dans-un-bureau-768x530.jpg 768w, https:\/\/molimo-agency.com\/wp-content\/uploads\/2025\/07\/un-bureau-sur-une-table-dans-un-bureau-1536x1061.jpg 1536w, https:\/\/molimo-agency.com\/wp-content\/uploads\/2025\/07\/un-bureau-sur-une-table-dans-un-bureau-2048x1414.jpg 2048w\" sizes=\"auto, (max-width: 2560px) 100vw, 2560px\" \/><\/figure>\n\n\n\n<div class=\"wp-block-group has-gray-background-color has-background is-layout-constrained wp-container-core-group-is-layout-dbf27b9b wp-block-group-is-layout-constrained\" style=\"padding-top:var(--wp--preset--spacing--small);padding-right:var(--wp--preset--spacing--small);padding-bottom:var(--wp--preset--spacing--small);padding-left:var(--wp--preset--spacing--small)\">\n<h3 class=\"wp-block-heading\">STRATEGIE DIGITALE<\/h3>\n\n\n\n<p>Nous b\u00e2tissons des <strong>strat\u00e9gies digitales<\/strong> compl\u00e8tes pour transformer votre pr\u00e9sence en ligne en levier de performance.<\/p>\n<\/div>\n<\/div>\n<\/div>\n\n\n\n<div style=\"height:2rem\" aria-hidden=\"true\" class=\"wp-block-spacer\"><\/div>\n<\/div>\n\n\n\n<div class=\"wp-block-cover alignfull is-light has-parallax\"><div class=\"wp-block-cover__image-background wp-image-29 size-large has-parallax\" style=\"background-position:50% 50%;background-image:url(https:\/\/molimo-agency.com\/wp-content\/uploads\/2025\/05\/deux-collegues-utilisant-des-ordinateurs-portables-pendant-la-pause-au-cafe-1024x683.jpg)\"><\/div><span aria-hidden=\"true\" class=\"wp-block-cover__background has-background-dim-10 has-background-dim\" style=\"background-color:#a9a3a2\"><\/span><div class=\"wp-block-cover__inner-container is-layout-flow wp-block-cover-is-layout-flow\">\n<div class=\"wp-block-group p-animation-text-transform is-layout-constrained wp-block-group-is-layout-constrained\">\n<h2 class=\"wp-block-heading has-text-align-center has-white-color has-text-color has-x-large-font-size\">Contactez-nous<\/h2>\n\n\n\n<p class=\"has-text-align-center has-white-color has-text-color\"><strong>Vous avez une question&nbsp;? Nous avons toutes les r\u00e9ponses.<\/strong><\/p>\n\n\n\n<div style=\"margin-top:0;margin-bottom:0;height:8px\" aria-hidden=\"true\" class=\"wp-block-spacer\"><\/div>\n\n\n\n<div class=\"wp-block-buttons is-layout-flex wp-block-buttons-is-layout-flex\">\n<div class=\"wp-block-button aligncenter p-btn-animation-border-move p-animation-text-transform is-style-fill\"><a class=\"wp-block-button__link wp-element-button\">Discutons de votre projet &gt;&gt;<\/a><\/div>\n<\/div>\n<\/div>\n<\/div><\/div>\n\n\n\n<p><\/p>\n","protected":false},"excerpt":{"rendered":"<p>Visibilit\u00e9 Nous vous accompagnons dans votre pr\u00e9sence sur le web. Croissance Nous vous aidons \u00e0&hellip;<\/p>\n","protected":false},"author":1,"featured_media":0,"parent":0,"menu_order":0,"comment_status":"closed","ping_status":"closed","template":"","meta":{"footnotes":""},"class_list":["post-7","page","type-page","status-publish","hentry"],"_links":{"self":[{"href":"https:\/\/molimo-agency.com\/index.php\/wp-json\/wp\/v2\/pages\/7","targetHints":{"allow":["GET"]}}],"collection":[{"href":"https:\/\/molimo-agency.com\/index.php\/wp-json\/wp\/v2\/pages"}],"about":[{"href":"https:\/\/molimo-agency.com\/index.php\/wp-json\/wp\/v2\/types\/page"}],"author":[{"embeddable":true,"href":"https:\/\/molimo-agency.com\/index.php\/wp-json\/wp\/v2\/users\/1"}],"replies":[{"embeddable":true,"href":"https:\/\/molimo-agency.com\/index.php\/wp-json\/wp\/v2\/comments?post=7"}],"version-history":[{"count":16,"href":"https:\/\/molimo-agency.com\/index.php\/wp-json\/wp\/v2\/pages\/7\/revisions"}],"predecessor-version":[{"id":90,"href":"https:\/\/molimo-agency.com\/index.php\/wp-json\/wp\/v2\/pages\/7\/revisions\/90"}],"wp:attachment":[{"href":"https:\/\/molimo-agency.com\/index.php\/wp-json\/wp\/v2\/media?parent=7"}],"curies":[{"name":"wp","href":"https:\/\/api.w.org\/{rel}","templated":true}]}}